{"id":1086,"date":"2023-01-04T09:37:16","date_gmt":"2023-01-04T09:37:16","guid":{"rendered":"https:\/\/restaurant8o8.at\/about-us\/"},"modified":"2024-07-16T11:54:31","modified_gmt":"2024-07-16T11:54:31","slug":"ueber-uns","status":"publish","type":"page","link":"https:\/\/restaurant8o8.at\/de\/ueber-uns\/","title":{"rendered":"\u00dcber uns"},"content":{"rendered":"\t\t<div data-elementor-type=\"wp-page\" data-elementor-id=\"1086\" class=\"elementor elementor-1086 elementor-210\" data-elementor-post-type=\"page\">\n\t\t\t\t\t\t<section class=\"elementor-section elementor-top-section elementor-element elementor-element-575bfcdb elementor-section-content-middle elementor-section-full_width elementor-section-height-min-height elementor-section-items-stretch elementor-section-height-default\" data-id=\"575bfcdb\" data-element_type=\"section\">\n\t\t\t\t\t\t<div class=\"elementor-container elementor-column-gap-no\">\n\t\t\t\t\t<div class=\"elementor-column elementor-col-50 elementor-top-column elementor-element elementor-element-62a2ead2\" data-id=\"62a2ead2\" data-element_type=\"column\">\n\t\t\t<div class=\"elementor-widget-wrap elementor-element-populated\">\n\t\t\t\t\t\t<div class=\"elementor-element elementor-element-1b13b606 elementor-widget elementor-widget-heading\" data-id=\"1b13b606\" data-element_type=\"widget\" data-widget_type=\"heading.default\">\n\t\t\t\t<div class=\"elementor-widget-container\">\n\t\t\t\t\t<h1 class=\"elementor-heading-title elementor-size-default\">\u00dcber uns<\/h1>\t\t\t\t<\/div>\n\t\t\t\t<\/div>\n\t\t\t\t<div class=\"elementor-element elementor-element-11a01bc6 elementor-widget elementor-widget-text-editor\" data-id=\"11a01bc6\" data-element_type=\"widget\" data-widget_type=\"text-editor.default\">\n\t\t\t\t<div class=\"elementor-widget-container\">\n\t\t\t\t\t\t\t\t\t<p>Eight `o Eight ist ein exzellentes Restaurant und Cocktailbar im Herzen Wiens, \u00d6sterreich, dessen au\u00dfergew\u00f6hnliche und zugleich aufregende Atmosphere die Aufmerksamkeit aller G\u00e4ste auf sich zieht. Eight `o Eight bietet f\u00fcr jeden etwas, nicht nur traditionelle italienische Gerichte, sondern auch internationale K\u00fcche.<\/p><p>Wir befinden uns im Zentrum des 8. Bezirks, im Stadtviertel Josefstadt, der aufgrund seiner geographischen Lage als das Herz Wiens zu werten ist. In diesem Stadtviertel, der durch ihre Geschichte und merkw\u00fcrdige Geb\u00e4ude auch bekannt ist, haben wir den Platz f\u00fcr unser Heimat gefunden. Auf diese Weise ist Eight `o Eight zu einem interessantesten Restaurant geworden. Aber nicht nur das! Unsere Getr\u00e4nkkarte hat uns auf die Liste der popul\u00e4ren Cocktailbars gesetzt und darauf sind wir auch sehr stolz.<\/p><p>Die Speisekarte unseres Restaurants Eight `o Eight bietet eine gro\u00dfe Auswahl an k\u00f6stlichen Gerichten, von den klassischen italienischen Pasten bis hin zu erkennbaren, originellen Risottos, fantastischen Vorspeisen und anderen k\u00f6stlichen Hauptgerichte. Bekannt sind auch k\u00f6stliche Vorspeisen und luxuri\u00f6sen Leckereien, die jede Mahlzeit bei uns umgeben. <\/p>\t\t\t\t\t\t\t\t<\/div>\n\t\t\t\t<\/div>\n\t\t\t\t\t<\/div>\n\t\t<\/div>\n\t\t\t\t<div class=\"elementor-column elementor-col-50 elementor-top-column elementor-element elementor-element-1be276cd\" data-id=\"1be276cd\" data-element_type=\"column\" data-settings=\"{&quot;background_background&quot;:&quot;classic&quot;}\">\n\t\t\t<div class=\"elementor-widget-wrap\">\n\t\t\t\t\t\t\t<\/div>\n\t\t<\/div>\n\t\t\t\t\t<\/div>\n\t\t<\/section>\n\t\t\t\t<section class=\"elementor-section elementor-top-section elementor-element elementor-element-de8887d elementor-section-content-middle elementor-section-full_width elementor-section-height-min-height elementor-section-items-stretch elementor-section-height-default\" data-id=\"de8887d\" data-element_type=\"section\">\n\t\t\t\t\t\t<div class=\"elementor-container elementor-column-gap-no\">\n\t\t\t\t\t<div class=\"elementor-column elementor-col-50 elementor-top-column elementor-element elementor-element-b04574d\" data-id=\"b04574d\" data-element_type=\"column\" data-settings=\"{&quot;background_background&quot;:&quot;classic&quot;}\">\n\t\t\t<div class=\"elementor-widget-wrap\">\n\t\t\t\t\t\t\t<\/div>\n\t\t<\/div>\n\t\t\t\t<div class=\"elementor-column elementor-col-50 elementor-top-column elementor-element elementor-element-e9a2c09\" data-id=\"e9a2c09\" data-element_type=\"column\" data-settings=\"{&quot;background_background&quot;:&quot;classic&quot;}\">\n\t\t\t<div class=\"elementor-widget-wrap elementor-element-populated\">\n\t\t\t\t\t\t<div class=\"elementor-element elementor-element-7f65e46 elementor-widget elementor-widget-text-editor\" data-id=\"7f65e46\" data-element_type=\"widget\" data-widget_type=\"text-editor.default\">\n\t\t\t\t<div class=\"elementor-widget-container\">\n\t\t\t\t\t\t\t\t\t<p>Die interessanteste Atraktion von Eight `o Eight ist zweifellos der vollfette italienische geriebene Parmesank\u00e4se. Durch ein visueles Erlebnis bereitet der K\u00fcchenchef Pasta und Risotto vor den G\u00e4sten zu. Gleichzeitig verwendet er ein gro\u00dfes Hartk\u00e4selaib, um den Geschmack und Geruch jedes Gerichts zu verbessern. Das macht nicht nur Spa\u00df , sondern jede Mahlzeit wird autentisch italienisch.<\/p><p>Die Restaurantbar kann sich sehen lassen, sie ist auch impressiv. Wir bieten eine gro\u00dfe Auswahl an alkocholischen Getr\u00e4nken, von ausgew\u00e4hlten Cocktailzutaten bis hin zu einer Weinkarte mit einem weltweiten Angebot. All dies ist ideal f\u00fcr diejenige, die eine angenehme Atmosphere mit Getr\u00e4nke und leckeren Snacks genie\u00dfen m\u00f6chten.<\/p><p>Eight `o Eight ist stolz auf eine fantastische Auswahl an Cocktails, die von erfahrenen Cocktelmeistern zubereitet werden. Sie machen einzigartige Kombinationen aus ausgezeichneten Getr\u00e4nke und frischen Zutaten. Wir haben f\u00fcr jeden etwas dabei, von den beliebten Moscow Mule und Cuba Libres bis hin zu gewagteren Kreationen wie Charlie Chaplin und South Side Cocktails. Wem das alles noch nicht reicht, dem setzt die elegante Einrichtung ein besonderes Flair, den letzten Schliff. Aus diesem Grund ist das Eight `o Eight einer der besten Orte, wo man in Speisen und Unterhaltung genie\u00dfen kann.<\/p><p>Internationale K\u00fcche, einzigartige Cocktails und eine angenehme Atmosphere sind unvergesslich. Das Restaurant und die Cocktailbar Eight `o Eight impressionieren jeden, der unsere Speisekarte und die fantastische Atmosphere probiert hat.<\/p><p>Lehnen Sie sich gem\u00fctlich zur\u00fcck, entspannen Sie sich und seien Sie bereit, die Welt des Geschmacks auszuforschen!<\/p>\t\t\t\t\t\t\t\t<\/div>\n\t\t\t\t<\/div>\n\t\t\t\t\t<\/div>\n\t\t<\/div>\n\t\t\t\t\t<\/div>\n\t\t<\/section>\n\t\t\t\t<section class=\"elementor-section elementor-top-section elementor-element elementor-element-8f8895e elementor-section-boxed elementor-section-height-default elementor-section-height-default\" data-id=\"8f8895e\" data-element_type=\"section\" data-settings=\"{&quot;background_background&quot;:&quot;classic&quot;}\">\n\t\t\t\t\t\t<div class=\"elementor-container elementor-column-gap-default\">\n\t\t\t\t\t<div class=\"elementor-column elementor-col-100 elementor-top-column elementor-element elementor-element-2ef4c17\" data-id=\"2ef4c17\" data-element_type=\"column\">\n\t\t\t<div class=\"elementor-widget-wrap elementor-element-populated\">\n\t\t\t\t\t\t<div class=\"elementor-element elementor-element-e419408 elementor-invisible elementor-widget elementor-widget-heading\" data-id=\"e419408\" data-element_type=\"widget\" data-settings=\"{&quot;_animation&quot;:&quot;fadeIn&quot;,&quot;_animation_delay&quot;:100}\" data-widget_type=\"heading.default\">\n\t\t\t\t<div class=\"elementor-widget-container\">\n\t\t\t\t\t<h2 class=\"elementor-heading-title elementor-size-default\">Abonnieren<\/h2>\t\t\t\t<\/div>\n\t\t\t\t<\/div>\n\t\t\t\t<div class=\"elementor-element elementor-element-4028311 elementor-widget-divider--view-line elementor-invisible elementor-widget elementor-widget-divider\" data-id=\"4028311\" data-element_type=\"widget\" data-settings=\"{&quot;_animation&quot;:&quot;fadeIn&quot;,&quot;_animation_delay&quot;:100}\" data-widget_type=\"divider.default\">\n\t\t\t\t<div class=\"elementor-widget-container\">\n\t\t\t\t\t\t\t<div class=\"elementor-divider\">\n\t\t\t<span class=\"elementor-divider-separator\">\n\t\t\t\t\t\t<\/span>\n\t\t<\/div>\n\t\t\t\t\t\t<\/div>\n\t\t\t\t<\/div>\n\t\t\t\t<div class=\"elementor-element elementor-element-0117514 elementor-widget elementor-widget-wpforms\" data-id=\"0117514\" data-element_type=\"widget\" data-settings=\"{&quot;_animation&quot;:&quot;none&quot;,&quot;_animation_delay&quot;:100}\" data-widget_type=\"wpforms.default\">\n\t\t\t\t<div class=\"elementor-widget-container\">\n\t\t\t\t\t<div class=\"wpforms-container wpforms-container-full inline-fields\" id=\"wpforms-1277\"><form id=\"wpforms-form-1277\" class=\"wpforms-validate wpforms-form\" data-formid=\"1277\" method=\"post\" enctype=\"multipart\/form-data\" action=\"\/de\/wp-json\/wp\/v2\/pages\/1086\" data-token=\"df339c9717ce35b004c11db4a2240153\" data-token-time=\"1775519973\"><noscript class=\"wpforms-error-noscript\">Bitte aktiviere JavaScript in deinem Browser, um dieses Formular fertigzustellen.<\/noscript><div class=\"wpforms-field-container\"><div id=\"wpforms-1277-field_1-container\" class=\"wpforms-field wpforms-field-name\" data-field-id=\"1\"><label class=\"wpforms-field-label wpforms-label-hide\" for=\"wpforms-1277-field_1\">Name <span class=\"wpforms-required-label\">*<\/span><\/label><div class=\"wpforms-field-row wpforms-field-large\"><div class=\"wpforms-field-row-block wpforms-first wpforms-one-half\"><input type=\"text\" id=\"wpforms-1277-field_1\" class=\"wpforms-field-name-first wpforms-field-required\" name=\"wpforms[fields][1][first]\" placeholder=\"Vorname\" required><label for=\"wpforms-1277-field_1\" class=\"wpforms-field-sublabel after wpforms-sublabel-hide\">Vorname<\/label><\/div><div class=\"wpforms-field-row-block wpforms-one-half\"><input type=\"text\" id=\"wpforms-1277-field_1-last\" class=\"wpforms-field-name-last wpforms-field-required\" name=\"wpforms[fields][1][last]\" placeholder=\"Nachname\" required><label for=\"wpforms-1277-field_1-last\" class=\"wpforms-field-sublabel after wpforms-sublabel-hide\">Nachname<\/label><\/div><\/div><\/div><div id=\"wpforms-1277-field_2-container\" class=\"wpforms-field wpforms-field-email\" data-field-id=\"2\"><label class=\"wpforms-field-label wpforms-label-hide\" for=\"wpforms-1277-field_2\">E-Mail <span class=\"wpforms-required-label\">*<\/span><\/label><input type=\"email\" id=\"wpforms-1277-field_2\" class=\"wpforms-field-large wpforms-field-required\" name=\"wpforms[fields][2]\" placeholder=\"E-Mail\" spellcheck=\"false\" required><\/div><\/div><!-- .wpforms-field-container --><div class=\"wpforms-recaptcha-container wpforms-is-recaptcha wpforms-is-recaptcha-type-v3\" ><input type=\"hidden\" name=\"wpforms[recaptcha]\" value=\"\"><\/div><div class=\"wpforms-submit-container\" ><input type=\"hidden\" name=\"wpforms[id]\" value=\"1277\"><input type=\"hidden\" name=\"page_title\" value=\"\"><input type=\"hidden\" name=\"page_url\" value=\"https:\/\/restaurant8o8.at\/de\/wp-json\/wp\/v2\/pages\/1086\"><input type=\"hidden\" name=\"url_referer\" value=\"\"><button type=\"submit\" name=\"wpforms[submit]\" id=\"wpforms-submit-1277\" class=\"wpforms-submit\" data-alt-text=\"Senden...\" data-submit-text=\"Absenden\" aria-live=\"assertive\" value=\"wpforms-submit\">Absenden<\/button><\/div><\/form><\/div>  <!-- .wpforms-container -->\t\t\t\t<\/div>\n\t\t\t\t<\/div>\n\t\t\t\t<div class=\"elementor-element elementor-element-883c7d9 elementor-invisible elementor-widget elementor-widget-text-editor\" data-id=\"883c7d9\" data-element_type=\"widget\" data-settings=\"{&quot;_animation&quot;:&quot;fadeIn&quot;,&quot;_animation_delay&quot;:100}\" data-widget_type=\"text-editor.default\">\n\t\t\t\t<div class=\"elementor-widget-container\">\n\t\t\t\t\t\t\t\t\t<p>Melden Sie sich f\u00fcr den Eight o Eight Newsletter an und bleiben Sie \u00fcber alle unsere Neuigkeiten auf dem Laufenden.<\/p>\t\t\t\t\t\t\t\t<\/div>\n\t\t\t\t<\/div>\n\t\t\t\t\t<\/div>\n\t\t<\/div>\n\t\t\t\t\t<\/div>\n\t\t<\/section>\n\t\t\t\t<\/div>\n\t\t","protected":false},"excerpt":{"rendered":"<p>\u00dcber uns Eight `o Eight ist ein exzellentes Restaurant und Cocktailbar im Herzen Wiens, \u00d6sterreich, dessen au\u00dfergew\u00f6hnliche und zugleich aufregende Atmosphere die Aufmerksamkeit aller G\u00e4ste auf sich zieht. Eight `o Eight bietet f\u00fcr jeden etwas, nicht nur traditionelle italienische Gerichte, sondern auch internationale K\u00fcche. Wir befinden uns im Zentrum des 8. Bezirks, im Stadtviertel Josefstadt, [&hellip;]<\/p>\n","protected":false},"author":1,"featured_media":998,"parent":0,"menu_order":0,"comment_status":"closed","ping_status":"closed","template":"","meta":{"site-sidebar-layout":"no-sidebar","site-content-layout":"page-builder","ast-site-content-layout":"default","site-content-style":"default","site-sidebar-style":"default","ast-global-header-display":"","ast-banner-title-visibility":"","ast-main-header-display":"","ast-hfb-above-header-display":"","ast-hfb-below-header-display":"","ast-hfb-mobile-header-display":"","site-post-title":"disabled","ast-breadcrumbs-content":"","ast-featured-img":"disabled","footer-sml-layout":"","theme-transparent-header-meta":"default","adv-header-id-meta":"","stick-header-meta":"","header-above-stick-meta":"","header-main-stick-meta":"","header-below-stick-meta":"","astra-migrate-meta-layouts":"set","ast-page-background-enabled":"default","ast-page-background-meta":{"desktop":{"background-color":"var(--ast-global-color-4)","background-image":"","background-repeat":"repeat","background-position":"center center","background-size":"auto","background-attachment":"scroll","background-type":"","background-media":"","overlay-type":"","overlay-color":"","overlay-opacity":"","overlay-gradient":""},"tablet":{"background-color":"","background-image":"","background-repeat":"repeat","background-position":"center center","background-size":"auto","background-attachment":"scroll","background-type":"","background-media":"","overlay-type":"","overlay-color":"","overlay-opacity":"","overlay-gradient":""},"mobile":{"background-color":"","background-image":"","background-repeat":"repeat","background-position":"center center","background-size":"auto","background-attachment":"scroll","background-type":"","background-media":"","overlay-type":"","overlay-color":"","overlay-opacity":"","overlay-gradient":""}},"ast-content-background-meta":{"desktop":{"background-color":"var(--ast-global-color-5)","background-image":"","background-repeat":"repeat","background-position":"center center","background-size":"auto","background-attachment":"scroll","background-type":"","background-media":"","overlay-type":"","overlay-color":"","overlay-opacity":"","overlay-gradient":""},"tablet":{"background-color":"var(--ast-global-color-5)","background-image":"","background-repeat":"repeat","background-position":"center center","background-size":"auto","background-attachment":"scroll","background-type":"","background-media":"","overlay-type":"","overlay-color":"","overlay-opacity":"","overlay-gradient":""},"mobile":{"background-color":"var(--ast-global-color-5)","background-image":"","background-repeat":"repeat","background-position":"center center","background-size":"auto","background-attachment":"scroll","background-type":"","background-media":"","overlay-type":"","overlay-color":"","overlay-opacity":"","overlay-gradient":""}},"footnotes":""},"class_list":["post-1086","page","type-page","status-publish","has-post-thumbnail","hentry"],"_links":{"self":[{"href":"https:\/\/restaurant8o8.at\/de\/wp-json\/wp\/v2\/pages\/1086","targetHints":{"allow":["GET"]}}],"collection":[{"href":"https:\/\/restaurant8o8.at\/de\/wp-json\/wp\/v2\/pages"}],"about":[{"href":"https:\/\/restaurant8o8.at\/de\/wp-json\/wp\/v2\/types\/page"}],"author":[{"embeddable":true,"href":"https:\/\/restaurant8o8.at\/de\/wp-json\/wp\/v2\/users\/1"}],"replies":[{"embeddable":true,"href":"https:\/\/restaurant8o8.at\/de\/wp-json\/wp\/v2\/comments?post=1086"}],"version-history":[{"count":8,"href":"https:\/\/restaurant8o8.at\/de\/wp-json\/wp\/v2\/pages\/1086\/revisions"}],"predecessor-version":[{"id":1389,"href":"https:\/\/restaurant8o8.at\/de\/wp-json\/wp\/v2\/pages\/1086\/revisions\/1389"}],"wp:featuredmedia":[{"embeddable":true,"href":"https:\/\/restaurant8o8.at\/de\/wp-json\/wp\/v2\/media\/998"}],"wp:attachment":[{"href":"https:\/\/restaurant8o8.at\/de\/wp-json\/wp\/v2\/media?parent=1086"}],"curies":[{"name":"wp","href":"https:\/\/api.w.org\/{rel}","templated":true}]}}